{"id":107,"date":"2021-01-27T08:06:42","date_gmt":"2021-01-27T08:06:42","guid":{"rendered":"https:\/\/wildwood.fi\/?page_id=107"},"modified":"2021-05-17T19:47:45","modified_gmt":"2021-05-17T19:47:45","slug":"pumppaamohuolto","status":"publish","type":"page","link":"https:\/\/www.wildwood.fi\/?page_id=107","title":{"rendered":"Pumppaamohuolto"},"content":{"rendered":"\t\t<div data-elementor-type=\"wp-page\" data-elementor-id=\"107\" class=\"elementor elementor-107\">\n\t\t\t\t\t\t<section class=\"elementor-section elementor-top-section elementor-element elementor-element-1eb0bcc elementor-section-boxed elementor-section-height-default elementor-section-height-default\" data-id=\"1eb0bcc\" data-element_type=\"section\" data-e-type=\"section\">\n\t\t\t\t\t\t<div class=\"elementor-container elementor-column-gap-default\">\n\t\t\t\t\t<div class=\"elementor-column elementor-col-50 elementor-top-column elementor-element elementor-element-78b5f36\" data-id=\"78b5f36\" data-element_type=\"column\" data-e-type=\"column\">\n\t\t\t<div class=\"elementor-widget-wrap elementor-element-populated\">\n\t\t\t\t\t\t\t<\/div>\n\t\t<\/div>\n\t\t\t\t<div class=\"elementor-column elementor-col-50 elementor-top-column elementor-element elementor-element-e973ff1\" data-id=\"e973ff1\" data-element_type=\"column\" data-e-type=\"column\">\n\t\t\t<div class=\"elementor-widget-wrap elementor-element-populated\">\n\t\t\t\t\t\t<div class=\"elementor-element elementor-element-78b3bbd elementor-widget elementor-widget-heading\" data-id=\"78b3bbd\" data-element_type=\"widget\" data-e-type=\"widget\" data-widget_type=\"heading.default\">\n\t\t\t\t<div class=\"elementor-widget-container\">\n\t\t\t\t\t<h2 class=\"elementor-heading-title elementor-size-default\">Kannattaa huoltaa pumppaamo<\/h2>\t\t\t\t<\/div>\n\t\t\t\t<\/div>\n\t\t\t\t<div class=\"elementor-element elementor-element-1d7acb1 elementor-widget elementor-widget-text-editor\" data-id=\"1d7acb1\" data-element_type=\"widget\" data-e-type=\"widget\" data-widget_type=\"text-editor.default\">\n\t\t\t\t<div class=\"elementor-widget-container\">\n\t\t\t\t\t\t\t\t\t<div><span style=\"color: var( --e-global-color-text ); font-family: var( --e-global-typography-text-font-family ), Sans-serif; font-weight: var( --e-global-typography-text-font-weight );\">Pumppaamon huollolla varmistat laitteiston toiminnan jatkuvuuden. Huolto mahdollistaa my\u00f6s vikatilanteisiin puuttumisen ajoissa. Pumppaamon oikea-aikaisen huollon avulla varmistat sen luotettavan toiminnan.<\/span><\/div><div><p>Havaitut viat raportoidaan erillisell\u00e4 p\u00f6yt\u00e4kirjalla aina huollon j\u00e4lkeen. Tavoitteena on kriittisten vikatilanteiden ennakointi ja laitteiden k\u00e4ytt\u00f6i\u00e4n pident\u00e4minen. Pumppaamohuollot kannattaa ajoittaa kes\u00e4ajalle. Talviaikana ty\u00f6t ovat usein s\u00e4\u00e4n takia hankalia ja sen johdosta kalliimpia.<\/p><p>Kuntotutkimus kertoo kiinteist\u00f6n omistajalle pumppaamosta paljon. Kuntotutkimuksessa m\u00e4\u00e4ritet\u00e4\u00e4n sen hetkiset ja tulevat korjaustarpeet. sek\u00e4 pumppaamon huoltotarve vuositasolla, jotta katkeamaton pumppaustoiminta voisi jatkua. Toimitamme tarkastuksesta tarvittaessa asiakkaalle raportin ja kustannusarvion.<\/p><div>Pumppaamohuoltomme koostuu joukosta alan ammattilaisia, joilla on laaja kokemus puhdas- ja j\u00e4tevesiverkostojen rakentamisesta ja pumppaamojen huolloista. Yritys on erikoistunut vesitekniikan huoltoon, korjaukseen ja kunnossapitoon. Yhteisty\u00f6verkostoomme kuuluu s\u00e4hk\u00f6alan ja automaation ammattilaisia.<\/div><div>Huollossamme korostuu laatu, luotettavuus ja palvelun halu, jotta asiakkaamme saa luotettavaa ja laadukasta palvelua.\u00a0<\/div><\/div>\t\t\t\t\t\t\t\t<\/div>\n\t\t\t\t<\/div>\n\t\t\t\t\t<\/div>\n\t\t<\/div>\n\t\t\t\t\t<\/div>\n\t\t<\/section>\n\t\t\t\t<section class=\"elementor-section elementor-top-section elementor-element elementor-element-b851322 elementor-section-boxed elementor-section-height-default elementor-section-height-default\" data-id=\"b851322\" data-element_type=\"section\" data-e-type=\"section\">\n\t\t\t\t\t\t<div class=\"elementor-container elementor-column-gap-default\">\n\t\t\t\t\t<div class=\"elementor-column elementor-col-50 elementor-top-column elementor-element elementor-element-e80214d\" data-id=\"e80214d\" data-element_type=\"column\" data-e-type=\"column\">\n\t\t\t<div class=\"elementor-widget-wrap elementor-element-populated\">\n\t\t\t\t\t\t<div class=\"elementor-element elementor-element-250faa2 elementor-widget elementor-widget-heading\" data-id=\"250faa2\" data-element_type=\"widget\" data-e-type=\"widget\" data-widget_type=\"heading.default\">\n\t\t\t\t<div class=\"elementor-widget-container\">\n\t\t\t\t\t<h2 class=\"elementor-heading-title elementor-size-default\">Wildwoodin huoltoraportti<\/h2>\t\t\t\t<\/div>\n\t\t\t\t<\/div>\n\t\t\t\t<div class=\"elementor-element elementor-element-bd2eb08 elementor-widget elementor-widget-text-editor\" data-id=\"bd2eb08\" data-element_type=\"widget\" data-e-type=\"widget\" data-widget_type=\"text-editor.default\">\n\t\t\t\t<div class=\"elementor-widget-container\">\n\t\t\t\t\t\t\t\t\t<p>T\u00e4yt\u00e4mme huolloista oheisen huoltoraportin. Siit\u00e4 on hyv\u00e4 jatkossa tarkistaa mit\u00e4 milloinkin on tehty.<\/p>\t\t\t\t\t\t\t\t<\/div>\n\t\t\t\t<\/div>\n\t\t\t\t\t<\/div>\n\t\t<\/div>\n\t\t\t\t<div class=\"elementor-column elementor-col-50 elementor-top-column elementor-element elementor-element-df4abd1\" data-id=\"df4abd1\" data-element_type=\"column\" data-e-type=\"column\">\n\t\t\t<div class=\"elementor-widget-wrap elementor-element-populated\">\n\t\t\t\t\t\t<div class=\"elementor-element elementor-element-1d47670 elementor-widget elementor-widget-image\" data-id=\"1d47670\" data-element_type=\"widget\" data-e-type=\"widget\" data-widget_type=\"image.default\">\n\t\t\t\t<div class=\"elementor-widget-container\">\n\t\t\t\t\t\t\t\t\t\t\t\t\t\t\t\t<a href=\"https:\/\/www.wildwood.fi\/wp-content\/uploads\/2021\/05\/Wildwood-huoltoraportti.pdf\" target=\"_blank\">\n\t\t\t\t\t\t\t<img fetchpriority=\"high\" decoding=\"async\" width=\"300\" height=\"218\" src=\"https:\/\/www.wildwood.fi\/wp-content\/uploads\/2021\/05\/Huoltoraportti-300x218.png\" class=\"attachment-medium size-medium wp-image-421\" alt=\"\" srcset=\"https:\/\/www.wildwood.fi\/wp-content\/uploads\/2021\/05\/Huoltoraportti-300x218.png 300w, https:\/\/www.wildwood.fi\/wp-content\/uploads\/2021\/05\/Huoltoraportti-1x1.png 1w, https:\/\/www.wildwood.fi\/wp-content\/uploads\/2021\/05\/Huoltoraportti.png 525w\" sizes=\"(max-width: 300px) 100vw, 300px\" \/>\t\t\t\t\t\t\t\t<\/a>\n\t\t\t\t\t\t\t\t\t\t\t\t\t\t\t<\/div>\n\t\t\t\t<\/div>\n\t\t\t\t\t<\/div>\n\t\t<\/div>\n\t\t\t\t\t<\/div>\n\t\t<\/section>\n\t\t\t\t<section class=\"elementor-section elementor-top-section elementor-element elementor-element-f0e1e22 elementor-section-boxed elementor-section-height-default elementor-section-height-default\" data-id=\"f0e1e22\" data-element_type=\"section\" data-e-type=\"section\">\n\t\t\t\t\t\t<div class=\"elementor-container elementor-column-gap-default\">\n\t\t\t\t\t<div class=\"elementor-column elementor-col-50 elementor-top-column elementor-element elementor-element-0d991be\" data-id=\"0d991be\" data-element_type=\"column\" data-e-type=\"column\">\n\t\t\t<div class=\"elementor-widget-wrap elementor-element-populated\">\n\t\t\t\t\t\t<div class=\"elementor-element elementor-element-e0b74ba elementor-widget elementor-widget-heading\" data-id=\"e0b74ba\" data-element_type=\"widget\" data-e-type=\"widget\" data-widget_type=\"heading.default\">\n\t\t\t\t<div class=\"elementor-widget-container\">\n\t\t\t\t\t<h2 class=\"elementor-heading-title elementor-size-default\">K\u00e4sikirja vesiosuuskunnan osakkaalle<\/h2>\t\t\t\t<\/div>\n\t\t\t\t<\/div>\n\t\t\t\t<div class=\"elementor-element elementor-element-e8416f2 elementor-widget elementor-widget-text-editor\" data-id=\"e8416f2\" data-element_type=\"widget\" data-e-type=\"widget\" data-widget_type=\"text-editor.default\">\n\t\t\t\t<div class=\"elementor-widget-container\">\n\t\t\t\t\t\t\t\t\t<p><span style=\"color: var( --e-global-color-text ); font-family: var( --e-global-typography-text-font-family ), Sans-serif; font-weight: var( --e-global-typography-text-font-weight ); font-size: 15px;\">K\u00e4sikirjan tarkoituksena on antaa k\u00e4yt\u00e4nn\u00f6nl\u00e4heisi\u00e4 neuvoja ja ohjeita siit\u00e4\u00a0<\/span><span style=\"color: var( --e-global-color-text ); font-family: var( --e-global-typography-text-font-family ), Sans-serif; font-weight: var( --e-global-typography-text-font-weight ); font-size: 15px;\">mit\u00e4 vesijohtoliittym\u00e4n ja\/tai viem\u00e4riliittym\u00e4n k\u00e4ytt\u00e4j\u00e4n kannattaa ottaa huomioon\u00a0<\/span><span style=\"color: var( --e-global-color-text ); font-family: var( --e-global-typography-text-font-family ), Sans-serif; font-weight: var( --e-global-typography-text-font-weight ); font-size: 15px;\">vesijohtoa ja viem\u00e4ri\u00e4 k\u00e4ytt\u00e4ess\u00e4\u00e4n. Oikein toimien kiinteist\u00f6n vesihuolto toimii\u00a0<\/span><span style=\"color: var( --e-global-color-text ); font-family: var( --e-global-typography-text-font-family ), Sans-serif; font-weight: var( --e-global-typography-text-font-weight ); font-size: 15px;\">varmimmin ja asukkaan el\u00e4m\u00e4 on mahdollisimman huoletonta vesihuollon kannalta.<\/span><\/p>\t\t\t\t\t\t\t\t<\/div>\n\t\t\t\t<\/div>\n\t\t\t\t\t<\/div>\n\t\t<\/div>\n\t\t\t\t<div class=\"elementor-column elementor-col-50 elementor-top-column elementor-element elementor-element-6b64c12\" data-id=\"6b64c12\" data-element_type=\"column\" data-e-type=\"column\">\n\t\t\t<div class=\"elementor-widget-wrap elementor-element-populated\">\n\t\t\t\t\t\t<div class=\"elementor-element elementor-element-7980a52 elementor-widget elementor-widget-image\" data-id=\"7980a52\" data-element_type=\"widget\" data-e-type=\"widget\" data-widget_type=\"image.default\">\n\t\t\t\t<div class=\"elementor-widget-container\">\n\t\t\t\t\t\t\t\t\t\t\t\t\t\t\t\t<a href=\"https:\/\/www.vesiosuuskunnat.fi\/index.php?cat=944&#038;action=doDownload&#038;dl_file=8VJCqmXN\" target=\"_blank\">\n\t\t\t\t\t\t\t<img decoding=\"async\" width=\"219\" height=\"300\" src=\"https:\/\/www.wildwood.fi\/wp-content\/uploads\/2021\/05\/Kasikirjan-kansi-219x300.png\" class=\"attachment-medium size-medium wp-image-389\" alt=\"\" srcset=\"https:\/\/www.wildwood.fi\/wp-content\/uploads\/2021\/05\/Kasikirjan-kansi-219x300.png 219w, https:\/\/www.wildwood.fi\/wp-content\/uploads\/2021\/05\/Kasikirjan-kansi-1x1.png 1w, https:\/\/www.wildwood.fi\/wp-content\/uploads\/2021\/05\/Kasikirjan-kansi.png 605w\" sizes=\"(max-width: 219px) 100vw, 219px\" \/>\t\t\t\t\t\t\t\t<\/a>\n\t\t\t\t\t\t\t\t\t\t\t\t\t\t\t<\/div>\n\t\t\t\t<\/div>\n\t\t\t\t\t<\/div>\n\t\t<\/div>\n\t\t\t\t\t<\/div>\n\t\t<\/section>\n\t\t\t\t<\/div>\n\t\t","protected":false},"excerpt":{"rendered":"<p>Kannattaa huoltaa pumppaamo Pumppaamon huollolla varmistat laitteiston toiminnan jatkuvuuden. Huolto mahdollistaa my\u00f6s vikatilanteisiin puuttumisen ajoissa. Pumppaamon oikea-aikaisen huollon avulla varmistat sen luotettavan toiminnan. Havaitut viat raportoidaan erillisell\u00e4 p\u00f6yt\u00e4kirjalla aina huollon j\u00e4lkeen. Tavoitteena on kriittisten vikatilanteiden ennakointi ja laitteiden k\u00e4ytt\u00f6i\u00e4n pident\u00e4minen. Pumppaamohuollot kannattaa ajoittaa kes\u00e4ajalle. Talviaikana ty\u00f6t ovat usein s\u00e4\u00e4n takia hankalia ja sen johdosta kalliimpia. [&hellip;]<\/p>\n","protected":false},"author":1,"featured_media":388,"parent":0,"menu_order":0,"comment_status":"closed","ping_status":"closed","template":"","meta":{"footnotes":""},"class_list":["post-107","page","type-page","status-publish","has-post-thumbnail","hentry"],"_links":{"self":[{"href":"https:\/\/www.wildwood.fi\/index.php?rest_route=\/wp\/v2\/pages\/107","targetHints":{"allow":["GET"]}}],"collection":[{"href":"https:\/\/www.wildwood.fi\/index.php?rest_route=\/wp\/v2\/pages"}],"about":[{"href":"https:\/\/www.wildwood.fi\/index.php?rest_route=\/wp\/v2\/types\/page"}],"author":[{"embeddable":true,"href":"https:\/\/www.wildwood.fi\/index.php?rest_route=\/wp\/v2\/users\/1"}],"replies":[{"embeddable":true,"href":"https:\/\/www.wildwood.fi\/index.php?rest_route=%2Fwp%2Fv2%2Fcomments&post=107"}],"version-history":[{"count":72,"href":"https:\/\/www.wildwood.fi\/index.php?rest_route=\/wp\/v2\/pages\/107\/revisions"}],"predecessor-version":[{"id":507,"href":"https:\/\/www.wildwood.fi\/index.php?rest_route=\/wp\/v2\/pages\/107\/revisions\/507"}],"wp:featuredmedia":[{"embeddable":true,"href":"https:\/\/www.wildwood.fi\/index.php?rest_route=\/wp\/v2\/media\/388"}],"wp:attachment":[{"href":"https:\/\/www.wildwood.fi\/index.php?rest_route=%2Fwp%2Fv2%2Fmedia&parent=107"}],"curies":[{"name":"wp","href":"https:\/\/api.w.org\/{rel}","templated":true}]}}