{"id":162,"date":"2021-01-27T08:23:41","date_gmt":"2021-01-27T08:23:41","guid":{"rendered":"https:\/\/wildwood.fi\/?page_id=162"},"modified":"2021-01-27T09:32:54","modified_gmt":"2021-01-27T09:32:54","slug":"kuntotarkastus","status":"publish","type":"page","link":"https:\/\/www.wildwood.fi\/?page_id=162","title":{"rendered":"Kuntotarkastus"},"content":{"rendered":"\t\t<div data-elementor-type=\"wp-page\" data-elementor-id=\"162\" class=\"elementor elementor-162\">\n\t\t\t\t\t\t<section class=\"elementor-section elementor-top-section elementor-element elementor-element-2465f72 elementor-section-boxed elementor-section-height-default elementor-section-height-default\" data-id=\"2465f72\" data-element_type=\"section\" data-e-type=\"section\">\n\t\t\t\t\t\t<div class=\"elementor-container elementor-column-gap-default\">\n\t\t\t\t\t<div class=\"elementor-column elementor-col-100 elementor-top-column elementor-element elementor-element-df15a0c\" data-id=\"df15a0c\" data-element_type=\"column\" data-e-type=\"column\">\n\t\t\t<div class=\"elementor-widget-wrap elementor-element-populated\">\n\t\t\t\t\t\t<div class=\"elementor-element elementor-element-e515203 elementor-widget elementor-widget-text-editor\" data-id=\"e515203\" data-element_type=\"widget\" data-e-type=\"widget\" data-widget_type=\"text-editor.default\">\n\t\t\t\t<div class=\"elementor-widget-container\">\n\t\t\t\t\t\t\t\t\t<p><img fetchpriority=\"high\" decoding=\"async\" class=\"size-medium wp-image-146 alignright\" src=\"https:\/\/www.wildwood.fi\/wp-content\/uploads\/2021\/01\/A07-1-225x300.jpg\" alt=\"\" width=\"225\" height=\"300\" srcset=\"https:\/\/www.wildwood.fi\/wp-content\/uploads\/2021\/01\/A07-1-225x300.jpg 225w, https:\/\/www.wildwood.fi\/wp-content\/uploads\/2021\/01\/A07-1-768x1024.jpg 768w, https:\/\/www.wildwood.fi\/wp-content\/uploads\/2021\/01\/A07-1-1152x1536.jpg 1152w, https:\/\/www.wildwood.fi\/wp-content\/uploads\/2021\/01\/A07-1-1536x2048.jpg 1536w, https:\/\/www.wildwood.fi\/wp-content\/uploads\/2021\/01\/A07-1-1x1.jpg 1w, https:\/\/www.wildwood.fi\/wp-content\/uploads\/2021\/01\/A07-1-scaled.jpg 1920w\" sizes=\"(max-width: 225px) 100vw, 225px\" \/>Kuntotutkimus on palvelu, jotta kiinteist\u00f6n omistaja tiet\u00e4isi miss\u00e4 menn\u00e4\u00e4n. Pumppaamon kuntotutkimuksessa m\u00e4\u00e4ritet\u00e4\u00e4n akuutit ja tulevat korjaustarpeet. sek\u00e4 pumppaamon huoltotarve vuositasolla, jotta katkeamaton pumppaustoiminta voisi jatkua. Toimitamme tarkastuksesta tarvittaessa asiakkaalle raportin ja kustannusarvion.<\/p>\t\t\t\t\t\t\t\t<\/div>\n\t\t\t\t<\/div>\n\t\t\t\t\t<\/div>\n\t\t<\/div>\n\t\t\t\t\t<\/div>\n\t\t<\/section>\n\t\t\t\t<\/div>\n\t\t","protected":false},"excerpt":{"rendered":"<p>Kuntotutkimus on palvelu, jotta kiinteist\u00f6n omistaja tiet\u00e4isi miss\u00e4 menn\u00e4\u00e4n. Pumppaamon kuntotutkimuksessa m\u00e4\u00e4ritet\u00e4\u00e4n akuutit ja tulevat korjaustarpeet. sek\u00e4 pumppaamon huoltotarve vuositasolla, jotta katkeamaton pumppaustoiminta voisi jatkua. Toimitamme tarkastuksesta tarvittaessa asiakkaalle raportin ja kustannusarvion.<\/p>\n","protected":false},"author":1,"featured_media":123,"parent":0,"menu_order":0,"comment_status":"closed","ping_status":"closed","template":"","meta":{"footnotes":""},"class_list":["post-162","page","type-page","status-publish","has-post-thumbnail","hentry"],"_links":{"self":[{"href":"https:\/\/www.wildwood.fi\/index.php?rest_route=\/wp\/v2\/pages\/162","targetHints":{"allow":["GET"]}}],"collection":[{"href":"https:\/\/www.wildwood.fi\/index.php?rest_route=\/wp\/v2\/pages"}],"about":[{"href":"https:\/\/www.wildwood.fi\/index.php?rest_route=\/wp\/v2\/types\/page"}],"author":[{"embeddable":true,"href":"https:\/\/www.wildwood.fi\/index.php?rest_route=\/wp\/v2\/users\/1"}],"replies":[{"embeddable":true,"href":"https:\/\/www.wildwood.fi\/index.php?rest_route=%2Fwp%2Fv2%2Fcomments&post=162"}],"version-history":[{"count":23,"href":"https:\/\/www.wildwood.fi\/index.php?rest_route=\/wp\/v2\/pages\/162\/revisions"}],"predecessor-version":[{"id":265,"href":"https:\/\/www.wildwood.fi\/index.php?rest_route=\/wp\/v2\/pages\/162\/revisions\/265"}],"wp:featuredmedia":[{"embeddable":true,"href":"https:\/\/www.wildwood.fi\/index.php?rest_route=\/wp\/v2\/media\/123"}],"wp:attachment":[{"href":"https:\/\/www.wildwood.fi\/index.php?rest_route=%2Fwp%2Fv2%2Fmedia&parent=162"}],"curies":[{"name":"wp","href":"https:\/\/api.w.org\/{rel}","templated":true}]}}