{"id":488,"date":"2021-05-17T12:51:17","date_gmt":"2021-05-17T12:51:17","guid":{"rendered":"https:\/\/wildwood.fi\/?page_id=488"},"modified":"2022-05-10T06:39:37","modified_gmt":"2022-05-10T06:39:37","slug":"viemarien-videokuvaus","status":"publish","type":"page","link":"https:\/\/www.wildwood.fi\/?page_id=488","title":{"rendered":"Viem\u00e4rikuvaus"},"content":{"rendered":"\t\t<div data-elementor-type=\"wp-page\" data-elementor-id=\"488\" class=\"elementor elementor-488\">\n\t\t\t\t\t\t<section class=\"elementor-section elementor-top-section elementor-element elementor-element-1d43a68 elementor-section-boxed elementor-section-height-default elementor-section-height-default\" data-id=\"1d43a68\" data-element_type=\"section\" data-e-type=\"section\">\n\t\t\t\t\t\t<div class=\"elementor-container elementor-column-gap-default\">\n\t\t\t\t\t<div class=\"elementor-column elementor-col-50 elementor-top-column elementor-element elementor-element-e8cd892\" data-id=\"e8cd892\" data-element_type=\"column\" data-e-type=\"column\">\n\t\t\t<div class=\"elementor-widget-wrap elementor-element-populated\">\n\t\t\t\t\t\t<div class=\"elementor-element elementor-element-6bb991c elementor-widget elementor-widget-text-editor\" data-id=\"6bb991c\" data-element_type=\"widget\" data-e-type=\"widget\" data-widget_type=\"text-editor.default\">\n\t\t\t\t<div class=\"elementor-widget-container\">\n\t\t\t\t\t\t\t\t\t<p>Viem\u00e4rin kuvaaminen on hy\u00f6dyllinen toimenpide, joka antaa paljon tietoa viem\u00e4riverkoston k\u00e4ytt\u00f6kunnosta. Wildwood Oy kuvaa ja dokumentoi viem\u00e4rit. Meilt\u00e4 saat apua putkiremonttien, kotiviem\u00e4rin ongelmien selvitt\u00e4miseen tai viem\u00e4riverkon isompaan kuntokartoitukseen. Meilt\u00e4 saat aina asiantuntevaa palvelua.<\/p><p>Teemme viem\u00e4rien kuntotarkastuksen viem\u00e4riin ty\u00f6nnett\u00e4v\u00e4n videokameran avulla.<\/p><p>Teemme my\u00f6s uusien salaojien ja sadevesiviem\u00e4rien k\u00e4ytt\u00f6\u00f6nottokuvauksia. Soita ja kysy hintaa juuri tarpeisiisi r\u00e4\u00e4t\u00e4l\u00f6ityyn viem\u00e4rin kuvausty\u00f6h\u00f6n, autamme mielell\u00e4mme!<\/p><p><strong>Monipuoliset viem\u00e4rin kuvaus -palvelumme:<\/strong><\/p><ol><li>Kuvaamme viem\u00e4riavauksen yhteydess\u00e4<\/li><li>Suoritamme uusien viem\u00e4reiden k\u00e4ytt\u00f6\u00f6nottokuvauksia<\/li><li>Suoritamme sadevesiviem\u00e4reiden kuvauksia<\/li><li>Suoritamme salaojien kuvauksia<\/li><li>Tarkastamme tuuletusviem\u00e4reiden toimivuuden<\/li><\/ol><p>Tilaa meilt\u00e4 my\u00f6s viem\u00e4riverkostojen kuntokartoitus (vuositarkastus, kymmenvuotistarkastus ym.)<\/p><p>Kuvaamalla tarkastaminen on osa viem\u00e4rin s\u00e4\u00e4nn\u00f6llist\u00e4 perushuoltoa. Viem\u00e4riin ker\u00e4\u00e4ntyy k\u00e4yt\u00f6n my\u00f6t\u00e4 rasvasta ja muusta siell\u00e4 kulkevasta aineksesta kovettumia, jotka kerrytt\u00e4v\u00e4t tukkeumia ja rapauttavat putken pintaa. Huolehtimalla viem\u00e4rin toimintakunnosta v\u00e4ltet\u00e4\u00e4n tukosten syntymist\u00e4, ik\u00e4vi\u00e4 hajuja ja jopa vesivahinkoja.<\/p><p>Ensimm\u00e4isi\u00e4 varoitusmerkkej\u00e4 ovat viem\u00e4rin pulputus ja h\u00e4iritsev\u00e4t hajuhaitat. Kuvaaminen kannattaakin toteuttaa aina, jos tukoksia esiintyy tihe\u00e4\u00e4n tai ongelma uusiutuu korjaustoimista huolimatta. Se kertoo, ett\u00e4 kaikki ei ole kunnossa, ja kuvaamalla saadaan vioittunut kohta selville tarkasti ja luotettavasti, jolloin pystyt\u00e4\u00e4n hoitamaan itse ongelmaa eik\u00e4 vain sen tuottamaa oiretta. Samalla s\u00e4\u00e4styt\u00e4\u00e4n turhalta rakenteiden avaamiselta tai putkien esiin kaivamiselta.<\/p>\t\t\t\t\t\t\t\t<\/div>\n\t\t\t\t<\/div>\n\t\t\t\t\t<\/div>\n\t\t<\/div>\n\t\t\t\t<div class=\"elementor-column elementor-col-50 elementor-top-column elementor-element elementor-element-617eadf\" data-id=\"617eadf\" data-element_type=\"column\" data-e-type=\"column\">\n\t\t\t<div class=\"elementor-widget-wrap elementor-element-populated\">\n\t\t\t\t\t\t<div class=\"elementor-element elementor-element-d107675 elementor-widget elementor-widget-text-editor\" data-id=\"d107675\" data-element_type=\"widget\" data-e-type=\"widget\" data-widget_type=\"text-editor.default\">\n\t\t\t\t<div class=\"elementor-widget-container\">\n\t\t\t\t\t\t\t\t\t<div>\nVideokameralla kuvataan viem\u00e4rin kuntoa.\n<div>\nJ\u00e4\u00e4tyneiden tierumpujen avaus<\/div>\n\t\t\t\t\t\t\t\t<\/div>\n\t\t\t\t<\/div>\n\t\t\t\t\t<\/div>\n\t\t<\/div>\n\t\t\t\t\t<\/div>\n\t\t<\/section>\n\t\t\t\t<\/div>\n\t\t","protected":false},"excerpt":{"rendered":"<p>Viem\u00e4rin kuvaaminen on hy\u00f6dyllinen toimenpide, joka antaa paljon tietoa viem\u00e4riverkoston k\u00e4ytt\u00f6kunnosta. Wildwood Oy kuvaa ja dokumentoi viem\u00e4rit. Meilt\u00e4 saat apua putkiremonttien, kotiviem\u00e4rin ongelmien selvitt\u00e4miseen tai viem\u00e4riverkon isompaan kuntokartoitukseen. Meilt\u00e4 saat aina asiantuntevaa palvelua. Teemme viem\u00e4rien kuntotarkastuksen viem\u00e4riin ty\u00f6nnett\u00e4v\u00e4n videokameran avulla. Teemme my\u00f6s uusien salaojien ja sadevesiviem\u00e4rien k\u00e4ytt\u00f6\u00f6nottokuvauksia. Soita ja kysy hintaa juuri tarpeisiisi r\u00e4\u00e4t\u00e4l\u00f6ityyn viem\u00e4rin [&hellip;]<\/p>\n","protected":false},"author":1,"featured_media":0,"parent":0,"menu_order":0,"comment_status":"closed","ping_status":"closed","template":"","meta":{"footnotes":""},"class_list":["post-488","page","type-page","status-publish","hentry"],"_links":{"self":[{"href":"https:\/\/www.wildwood.fi\/index.php?rest_route=\/wp\/v2\/pages\/488","targetHints":{"allow":["GET"]}}],"collection":[{"href":"https:\/\/www.wildwood.fi\/index.php?rest_route=\/wp\/v2\/pages"}],"about":[{"href":"https:\/\/www.wildwood.fi\/index.php?rest_route=\/wp\/v2\/types\/page"}],"author":[{"embeddable":true,"href":"https:\/\/www.wildwood.fi\/index.php?rest_route=\/wp\/v2\/users\/1"}],"replies":[{"embeddable":true,"href":"https:\/\/www.wildwood.fi\/index.php?rest_route=%2Fwp%2Fv2%2Fcomments&post=488"}],"version-history":[{"count":26,"href":"https:\/\/www.wildwood.fi\/index.php?rest_route=\/wp\/v2\/pages\/488\/revisions"}],"predecessor-version":[{"id":534,"href":"https:\/\/www.wildwood.fi\/index.php?rest_route=\/wp\/v2\/pages\/488\/revisions\/534"}],"wp:attachment":[{"href":"https:\/\/www.wildwood.fi\/index.php?rest_route=%2Fwp%2Fv2%2Fmedia&parent=488"}],"curies":[{"name":"wp","href":"https:\/\/api.w.org\/{rel}","templated":true}]}}