{"id":545,"date":"2024-07-31T06:36:18","date_gmt":"2024-07-31T06:36:18","guid":{"rendered":"https:\/\/www.wildwood.fi\/?page_id=545"},"modified":"2026-03-24T11:34:54","modified_gmt":"2026-03-24T11:34:54","slug":"laatu","status":"publish","type":"page","link":"https:\/\/www.wildwood.fi\/?page_id=545","title":{"rendered":"Laatu"},"content":{"rendered":"\t\t<div data-elementor-type=\"wp-page\" data-elementor-id=\"545\" class=\"elementor elementor-545\">\n\t\t\t\t\t\t<section class=\"elementor-section elementor-top-section elementor-element elementor-element-6f43d718 elementor-section-boxed elementor-section-height-default elementor-section-height-default\" data-id=\"6f43d718\" data-element_type=\"section\" data-e-type=\"section\">\n\t\t\t\t\t\t<div class=\"elementor-container elementor-column-gap-default\">\n\t\t\t\t\t<div class=\"elementor-column elementor-col-100 elementor-top-column elementor-element elementor-element-f5807b5\" data-id=\"f5807b5\" data-element_type=\"column\" data-e-type=\"column\">\n\t\t\t<div class=\"elementor-widget-wrap elementor-element-populated\">\n\t\t\t\t\t\t<div class=\"elementor-element elementor-element-18135a0b elementor-widget elementor-widget-text-editor\" data-id=\"18135a0b\" data-element_type=\"widget\" data-e-type=\"widget\" data-widget_type=\"text-editor.default\">\n\t\t\t\t<div class=\"elementor-widget-container\">\n\t\t\t\t\t\t\t\t\t<p>Wildwood Oy on saanut &#8221;Suomen Vahvimmat&#8221; hyv\u00e4n hallintotavan sertifikaatin ja on n\u00e4kyviss\u00e4 Asiakastiedon ESG-vastuullisuusraportilla. Sertifikaatti on merkki yrityksen positiivisista taloudellisista tunnusluvuista, luottokelpoisuudesta, taustatiedoista ja hyv\u00e4st\u00e4 maksuk\u00e4ytt\u00e4ytymisest\u00e4. Sertifikaatti my\u00f6nnet\u00e4\u00e4n ainoastaan parhaista parhaille. Olemme luotettava yhteisty\u00f6kumppani. Toimimme vastuullisesti ja otamme huomioon luontoarvot.<\/p>\n<p><!-- \/wp:image --><\/p>\t\t\t\t\t\t\t\t<\/div>\n\t\t\t\t<\/div>\n\t\t\t\t\t<\/div>\n\t\t<\/div>\n\t\t\t\t\t<\/div>\n\t\t<\/section>\n\t\t\t\t<section class=\"elementor-section elementor-top-section elementor-element elementor-element-7e0cb73 elementor-section-boxed elementor-section-height-default elementor-section-height-default\" data-id=\"7e0cb73\" data-element_type=\"section\" data-e-type=\"section\">\n\t\t\t\t\t\t<div class=\"elementor-container elementor-column-gap-default\">\n\t\t\t\t\t<div class=\"elementor-column elementor-col-100 elementor-top-column elementor-element elementor-element-395c84c\" data-id=\"395c84c\" data-element_type=\"column\" data-e-type=\"column\">\n\t\t\t<div class=\"elementor-widget-wrap elementor-element-populated\">\n\t\t\t\t\t\t<div class=\"elementor-element elementor-element-786d733 elementor-widget elementor-widget-image\" data-id=\"786d733\" data-element_type=\"widget\" data-e-type=\"widget\" data-widget_type=\"image.default\">\n\t\t\t\t<div class=\"elementor-widget-container\">\n\t\t\t\t\t\t\t\t\t\t\t\t\t\t\t<img fetchpriority=\"high\" decoding=\"async\" width=\"691\" height=\"1024\" src=\"https:\/\/www.wildwood.fi\/wp-content\/uploads\/2026\/03\/twitter-0-691x1024.png\" class=\"attachment-large size-large wp-image-553\" alt=\"\" srcset=\"https:\/\/www.wildwood.fi\/wp-content\/uploads\/2026\/03\/twitter-0-691x1024.png 691w, https:\/\/www.wildwood.fi\/wp-content\/uploads\/2026\/03\/twitter-0-203x300.png 203w, https:\/\/www.wildwood.fi\/wp-content\/uploads\/2026\/03\/twitter-0-768x1138.png 768w, https:\/\/www.wildwood.fi\/wp-content\/uploads\/2026\/03\/twitter-0-1037x1536.png 1037w, https:\/\/www.wildwood.fi\/wp-content\/uploads\/2026\/03\/twitter-0-1x1.png 1w, https:\/\/www.wildwood.fi\/wp-content\/uploads\/2026\/03\/twitter-0.png 1080w\" sizes=\"(max-width: 691px) 100vw, 691px\" \/>\t\t\t\t\t\t\t\t\t\t\t\t\t\t\t<\/div>\n\t\t\t\t<\/div>\n\t\t\t\t\t<\/div>\n\t\t<\/div>\n\t\t\t\t\t<\/div>\n\t\t<\/section>\n\t\t\t\t<section class=\"elementor-section elementor-top-section elementor-element elementor-element-a40259d elementor-section-boxed elementor-section-height-default elementor-section-height-default\" data-id=\"a40259d\" data-element_type=\"section\" data-e-type=\"section\">\n\t\t\t\t\t\t<div class=\"elementor-container elementor-column-gap-default\">\n\t\t\t\t\t<div class=\"elementor-column elementor-col-100 elementor-top-column elementor-element elementor-element-bbeee0f\" data-id=\"bbeee0f\" data-element_type=\"column\" data-e-type=\"column\">\n\t\t\t<div class=\"elementor-widget-wrap elementor-element-populated\">\n\t\t\t\t\t\t<div class=\"elementor-element elementor-element-a3551a4 elementor-widget elementor-widget-image\" data-id=\"a3551a4\" data-element_type=\"widget\" data-e-type=\"widget\" data-widget_type=\"image.default\">\n\t\t\t\t<div class=\"elementor-widget-container\">\n\t\t\t\t\t\t\t\t\t\t\t\t\t\t\t<img decoding=\"async\" width=\"734\" height=\"1024\" src=\"https:\/\/www.wildwood.fi\/wp-content\/uploads\/2024\/07\/Suomen-Vahvimmat-Kulta-1-734x1024.jpg\" class=\"attachment-large size-large wp-image-550\" alt=\"\" srcset=\"https:\/\/www.wildwood.fi\/wp-content\/uploads\/2024\/07\/Suomen-Vahvimmat-Kulta-1-734x1024.jpg 734w, https:\/\/www.wildwood.fi\/wp-content\/uploads\/2024\/07\/Suomen-Vahvimmat-Kulta-1-215x300.jpg 215w, https:\/\/www.wildwood.fi\/wp-content\/uploads\/2024\/07\/Suomen-Vahvimmat-Kulta-1-768x1072.jpg 768w, https:\/\/www.wildwood.fi\/wp-content\/uploads\/2024\/07\/Suomen-Vahvimmat-Kulta-1-1100x1536.jpg 1100w, https:\/\/www.wildwood.fi\/wp-content\/uploads\/2024\/07\/Suomen-Vahvimmat-Kulta-1-1467x2048.jpg 1467w, https:\/\/www.wildwood.fi\/wp-content\/uploads\/2024\/07\/Suomen-Vahvimmat-Kulta-1-1x1.jpg 1w, https:\/\/www.wildwood.fi\/wp-content\/uploads\/2024\/07\/Suomen-Vahvimmat-Kulta-1-scaled.jpg 1834w\" sizes=\"(max-width: 734px) 100vw, 734px\" \/>\t\t\t\t\t\t\t\t\t\t\t\t\t\t\t<\/div>\n\t\t\t\t<\/div>\n\t\t\t\t\t<\/div>\n\t\t<\/div>\n\t\t\t\t\t<\/div>\n\t\t<\/section>\n\t\t\t\t<\/div>\n\t\t","protected":false},"excerpt":{"rendered":"<p>Wildwood Oy on saanut &#8221;Suomen Vahvimmat&#8221; hyv\u00e4n hallintotavan sertifikaatin ja on n\u00e4kyviss\u00e4 Asiakastiedon ESG-vastuullisuusraportilla. Sertifikaatti on merkki yrityksen positiivisista taloudellisista tunnusluvuista, luottokelpoisuudesta, taustatiedoista ja hyv\u00e4st\u00e4 maksuk\u00e4ytt\u00e4ytymisest\u00e4. Sertifikaatti my\u00f6nnet\u00e4\u00e4n ainoastaan parhaista parhaille. Olemme luotettava yhteisty\u00f6kumppani. Toimimme vastuullisesti ja otamme huomioon luontoarvot.<\/p>\n","protected":false},"author":1,"featured_media":0,"parent":0,"menu_order":0,"comment_status":"closed","ping_status":"closed","template":"","meta":{"footnotes":""},"class_list":["post-545","page","type-page","status-publish","hentry"],"_links":{"self":[{"href":"https:\/\/www.wildwood.fi\/index.php?rest_route=\/wp\/v2\/pages\/545","targetHints":{"allow":["GET"]}}],"collection":[{"href":"https:\/\/www.wildwood.fi\/index.php?rest_route=\/wp\/v2\/pages"}],"about":[{"href":"https:\/\/www.wildwood.fi\/index.php?rest_route=\/wp\/v2\/types\/page"}],"author":[{"embeddable":true,"href":"https:\/\/www.wildwood.fi\/index.php?rest_route=\/wp\/v2\/users\/1"}],"replies":[{"embeddable":true,"href":"https:\/\/www.wildwood.fi\/index.php?rest_route=%2Fwp%2Fv2%2Fcomments&post=545"}],"version-history":[{"count":9,"href":"https:\/\/www.wildwood.fi\/index.php?rest_route=\/wp\/v2\/pages\/545\/revisions"}],"predecessor-version":[{"id":562,"href":"https:\/\/www.wildwood.fi\/index.php?rest_route=\/wp\/v2\/pages\/545\/revisions\/562"}],"wp:attachment":[{"href":"https:\/\/www.wildwood.fi\/index.php?rest_route=%2Fwp%2Fv2%2Fmedia&parent=545"}],"curies":[{"name":"wp","href":"https:\/\/api.w.org\/{rel}","templated":true}]}}